{"id":5,"date":"2022-04-04T19:46:52","date_gmt":"2022-04-04T17:46:52","guid":{"rendered":"https:\/\/www.norgeseliten.no\/naering\/?page_id=5"},"modified":"2026-03-12T14:13:05","modified_gmt":"2026-03-12T13:13:05","slug":"hjem","status":"publish","type":"page","link":"https:\/\/www.norgeseliten.no\/naering\/","title":{"rendered":"Hjem"},"content":{"rendered":"","protected":false},"excerpt":{"rendered":"","protected":false},"author":1,"featured_media":0,"parent":0,"menu_order":0,"comment_status":"closed","ping_status":"closed","template":"views\/template-home-page.blade.php","meta":{"_acf_changed":false,"footnotes":""},"class_list":["post-5","page","type-page","status-publish","hentry"],"acf":[],"yoast_head":"<title>Hjem - Norgeseliten N\u00e6ring<\/title>\n<meta name=\"description\" content=\"Norgeseliten er en landsdekkende elektrikerkjede med elektroentrepren\u00f8rer. Kjeden best\u00e5r av 196 virksomheter med rundt 2200 fagutdannede elektrikere.\" \/>\n<meta name=\"robots\" content=\"index, follow, max-snippet:-1, max-image-preview:large, max-video-preview:-1\" \/>\n<link rel=\"canonical\" href=\"https:\/\/www.norgeseliten.no\/naering\/\" \/>\n<meta property=\"og:locale\" content=\"nb_NO\" \/>\n<meta property=\"og:type\" content=\"article\" \/>\n<meta property=\"og:title\" content=\"Hjem - Norgeseliten N\u00e6ring\" \/>\n<meta property=\"og:description\" content=\"Norgeseliten er en landsdekkende elektrikerkjede med elektroentrepren\u00f8rer. Kjeden best\u00e5r av 196 virksomheter med rundt 2200 fagutdannede elektrikere.\" \/>\n<meta property=\"og:url\" content=\"https:\/\/www.norgeseliten.no\/naering\/\" \/>\n<meta property=\"og:site_name\" content=\"Norgeseliten N\u00e6ring\" \/>\n<meta property=\"article:modified_time\" content=\"2026-03-12T13:13:05+00:00\" \/>\n<meta name=\"twitter:card\" content=\"summary_large_image\" \/>\n<script type=\"application\/ld+json\" class=\"yoast-schema-graph\">{\"@context\":\"https:\\\/\\\/schema.org\",\"@graph\":[{\"@type\":\"WebPage\",\"@id\":\"https:\\\/\\\/www.norgeseliten.no\\\/naering\\\/\",\"url\":\"https:\\\/\\\/www.norgeseliten.no\\\/naering\\\/\",\"name\":\"Hjem - Norgeseliten N\u00e6ring\",\"isPartOf\":{\"@id\":\"https:\\\/\\\/www.norgeseliten.no\\\/naering\\\/#website\"},\"datePublished\":\"2022-04-04T17:46:52+00:00\",\"dateModified\":\"2026-03-12T13:13:05+00:00\",\"description\":\"Norgeseliten er en landsdekkende elektrikerkjede med elektroentrepren\u00f8rer. Kjeden best\u00e5r av 196 virksomheter med rundt 2200 fagutdannede elektrikere.\",\"breadcrumb\":{\"@id\":\"https:\\\/\\\/www.norgeseliten.no\\\/naering\\\/#breadcrumb\"},\"inLanguage\":\"nb-NO\",\"potentialAction\":[{\"@type\":\"ReadAction\",\"target\":[\"https:\\\/\\\/www.norgeseliten.no\\\/naering\\\/\"]}]},{\"@type\":\"BreadcrumbList\",\"@id\":\"https:\\\/\\\/www.norgeseliten.no\\\/naering\\\/#breadcrumb\",\"itemListElement\":[{\"@type\":\"ListItem\",\"position\":1,\"name\":\"Hjem\",\"item\":\"https:\\\/\\\/www.norgeseliten.no\\\/naering\\\/\"},{\"@type\":\"ListItem\",\"position\":2,\"name\":\"Hjem\"}]},{\"@type\":\"WebSite\",\"@id\":\"https:\\\/\\\/www.norgeseliten.no\\\/naering\\\/#website\",\"url\":\"https:\\\/\\\/www.norgeseliten.no\\\/naering\\\/\",\"name\":\"Norgeseliten N\u00e6ring\",\"description\":\"\",\"potentialAction\":[{\"@type\":\"SearchAction\",\"target\":{\"@type\":\"EntryPoint\",\"urlTemplate\":\"https:\\\/\\\/www.norgeseliten.no\\\/naering\\\/?s={search_term_string}\"},\"query-input\":{\"@type\":\"PropertyValueSpecification\",\"valueRequired\":true,\"valueName\":\"search_term_string\"}}],\"inLanguage\":\"nb-NO\"}]}<\/script>","yoast_head_json":{"title":"Hjem - Norgeseliten N\u00e6ring","description":"Norgeseliten er en landsdekkende elektrikerkjede med elektroentrepren\u00f8rer. Kjeden best\u00e5r av 196 virksomheter med rundt 2200 fagutdannede elektrikere.","robots":{"index":"index","follow":"follow","max-snippet":"max-snippet:-1","max-image-preview":"max-image-preview:large","max-video-preview":"max-video-preview:-1"},"canonical":"https:\/\/www.norgeseliten.no\/naering\/","og_locale":"nb_NO","og_type":"article","og_title":"Hjem - Norgeseliten N\u00e6ring","og_description":"Norgeseliten er en landsdekkende elektrikerkjede med elektroentrepren\u00f8rer. Kjeden best\u00e5r av 196 virksomheter med rundt 2200 fagutdannede elektrikere.","og_url":"https:\/\/www.norgeseliten.no\/naering\/","og_site_name":"Norgeseliten N\u00e6ring","article_modified_time":"2026-03-12T13:13:05+00:00","twitter_card":"summary_large_image","schema":{"@context":"https:\/\/schema.org","@graph":[{"@type":"WebPage","@id":"https:\/\/www.norgeseliten.no\/naering\/","url":"https:\/\/www.norgeseliten.no\/naering\/","name":"Hjem - Norgeseliten N\u00e6ring","isPartOf":{"@id":"https:\/\/www.norgeseliten.no\/naering\/#website"},"datePublished":"2022-04-04T17:46:52+00:00","dateModified":"2026-03-12T13:13:05+00:00","description":"Norgeseliten er en landsdekkende elektrikerkjede med elektroentrepren\u00f8rer. Kjeden best\u00e5r av 196 virksomheter med rundt 2200 fagutdannede elektrikere.","breadcrumb":{"@id":"https:\/\/www.norgeseliten.no\/naering\/#breadcrumb"},"inLanguage":"nb-NO","potentialAction":[{"@type":"ReadAction","target":["https:\/\/www.norgeseliten.no\/naering\/"]}]},{"@type":"BreadcrumbList","@id":"https:\/\/www.norgeseliten.no\/naering\/#breadcrumb","itemListElement":[{"@type":"ListItem","position":1,"name":"Hjem","item":"https:\/\/www.norgeseliten.no\/naering\/"},{"@type":"ListItem","position":2,"name":"Hjem"}]},{"@type":"WebSite","@id":"https:\/\/www.norgeseliten.no\/naering\/#website","url":"https:\/\/www.norgeseliten.no\/naering\/","name":"Norgeseliten N\u00e6ring","description":"","potentialAction":[{"@type":"SearchAction","target":{"@type":"EntryPoint","urlTemplate":"https:\/\/www.norgeseliten.no\/naering\/?s={search_term_string}"},"query-input":{"@type":"PropertyValueSpecification","valueRequired":true,"valueName":"search_term_string"}}],"inLanguage":"nb-NO"}]}},"_links":{"self":[{"href":"https:\/\/www.norgeseliten.no\/naering\/wp-json\/wp\/v2\/pages\/5","targetHints":{"allow":["GET"]}}],"collection":[{"href":"https:\/\/www.norgeseliten.no\/naering\/wp-json\/wp\/v2\/pages"}],"about":[{"href":"https:\/\/www.norgeseliten.no\/naering\/wp-json\/wp\/v2\/types\/page"}],"author":[{"embeddable":true,"href":"https:\/\/www.norgeseliten.no\/naering\/wp-json\/wp\/v2\/users\/1"}],"replies":[{"embeddable":true,"href":"https:\/\/www.norgeseliten.no\/naering\/wp-json\/wp\/v2\/comments?post=5"}],"version-history":[{"count":6,"href":"https:\/\/www.norgeseliten.no\/naering\/wp-json\/wp\/v2\/pages\/5\/revisions"}],"predecessor-version":[{"id":1288,"href":"https:\/\/www.norgeseliten.no\/naering\/wp-json\/wp\/v2\/pages\/5\/revisions\/1288"}],"wp:attachment":[{"href":"https:\/\/www.norgeseliten.no\/naering\/wp-json\/wp\/v2\/media?parent=5"}],"curies":[{"name":"wp","href":"https:\/\/api.w.org\/{rel}","templated":true}]}}